{"id":425,"date":"2016-09-14T06:34:05","date_gmt":"2016-09-14T06:34:05","guid":{"rendered":"http:\/\/demo.massivedynamic.co\/creative-studio\/?page_id=10"},"modified":"2021-08-02T12:48:52","modified_gmt":"2021-08-02T10:48:52","slug":"home-2","status":"publish","type":"page","link":"https:\/\/rodo.szczecin.pl\/","title":{"rendered":"Home"},"content":{"rendered":"<div id=\"pl-425\"  class=\"panel-layout\" ><div id=\"pg-425-0\"  class=\"panel-grid panel-no-style\" ><div id=\"pgc-425-0-0\"  class=\"panel-grid-cell\" ><div id=\"panel-425-0-0-0\" class=\"so-panel widget widget_lsow-portfolio panel-first-child\" data-index=\"0\" ><div class=\"so-widget-lsow-portfolio so-widget-lsow-portfolio-default-1398c7c9e37b-425\"><div class=\"lsow-portfolio-wrap lsow-gapless-grid\"><div class=\"lsow-portfolio-header  lsow-no-heading\"><div class=\"lsow-taxonomy-filter\"><div class=\"lsow-filter-item segment-0 lsow-active\"><a data-value=\"*\" href=\"#\">All<\/a><\/div><div class=\"lsow-filter-item segment-1\"><a href=\"#\" data-value=\".term-1\" title=\"View all items filed under Bez kategorii\">Bez kategorii<\/a><\/div><div class=\"lsow-filter-item segment-2\"><a href=\"#\" data-value=\".term-3\" title=\"View all items filed under Uncategorized\">Uncategorized<\/a><\/div><\/div><\/div><div id=\"lsow-portfolio-69e3650437d73\" class=\"lsow-portfolio js-isotope lsow-fitRows lsow-grid-container  lsow-grid-desktop-3 lsow-grid-tablet-2 lsow-grid-mobile-1\" data-isotope-options='{ \"itemSelector\": \".lsow-portfolio-item\", \"layoutMode\": \"fitRows\"}'><div data-id=\"id-507\" class=\"lsow-grid-item lsow-portfolio-item  term-3\"><article id=\"post-507\" class=\"post-507 post type-post status-publish format-quote category-uncategorized post_format-post-format-quote czr-hentry\"><div class=\"lsow-entry-text-wrap  nothumbnail\"><h3 class=\"entry-title\"><a href=\"https:\/\/rodo.szczecin.pl\/index.php\/2021\/08\/02\/test\/\" title=\"test\" target=\"_self\" rel=\"bookmark\">test<\/a><\/h3><div class=\"lsow-entry-meta\"><span class=\"author vcard\">By <a class=\"url fn n\" href=\"https:\/\/rodo.szczecin.pl\/index.php\/author\/rodo\/\" title=\"rodo\">rodo<\/a><\/span><span class=\"published\"><abbr title=\"poniedzia\u0142ek, sierpie\u0144, 2021, 11:14 am\">2 sierpnia 2021<\/abbr><\/span><span class=\"lsow-terms\"><a href=\"https:\/\/rodo.szczecin.pl\/index.php\/category\/uncategorized\/\">Uncategorized<\/a><\/span><\/div><div class=\"entry-summary\"><\/div><div class=\"lsow-read-more\"><a href=\"https:\/\/rodo.szczecin.pl\/index.php\/2021\/08\/02\/test\/\" target=\"_self\">Read More<\/a><\/div><\/div><\/article><!-- .hentry --><\/div><div data-id=\"id-1\" class=\"lsow-grid-item lsow-portfolio-item  term-1\"><article id=\"post-1\" class=\"post-1 post type-post status-publish format-standard category-bez-kategorii czr-hentry\"><div class=\"lsow-entry-text-wrap  nothumbnail\"><h3 class=\"entry-title\"><a href=\"https:\/\/rodo.szczecin.pl\/index.php\/2020\/10\/25\/witaj-swiecie\/\" title=\"Witaj, \u015bwiecie!\" target=\"_self\" rel=\"bookmark\">Witaj, \u015bwiecie!<\/a><\/h3><div class=\"lsow-entry-meta\"><span class=\"author vcard\">By <a class=\"url fn n\" href=\"https:\/\/rodo.szczecin.pl\/index.php\/author\/rodo\/\" title=\"rodo\">rodo<\/a><\/span><span class=\"published\"><abbr title=\"niedziela, pa\u017adziernik, 2020, 3:39 pm\">25 pa\u017adziernika 2020<\/abbr><\/span><span class=\"lsow-terms\"><a href=\"https:\/\/rodo.szczecin.pl\/index.php\/category\/bez-kategorii\/\">Bez kategorii<\/a><\/span><\/div><div class=\"entry-summary\">Witamy w WordPressie. To jest tw\u00f3j pierwszy post. Edytuj go lub usu\u0144, a nast\u0119pnie zacznij pisa\u0107!<\/div><div class=\"lsow-read-more\"><a href=\"https:\/\/rodo.szczecin.pl\/index.php\/2020\/10\/25\/witaj-swiecie\/\" target=\"_self\">Read More<\/a><\/div><\/div><\/article><!-- .hentry --><\/div><div data-id=\"id-438\" class=\"lsow-grid-item lsow-portfolio-item  term-1 term-3\"><article id=\"post-438\" class=\"post-438 post type-post status-publish format-standard category-bez-kategorii category-uncategorized czr-hentry\"><div class=\"lsow-entry-text-wrap  nothumbnail\"><h3 class=\"entry-title\"><a href=\"https:\/\/rodo.szczecin.pl\/index.php\/2017\/05\/08\/hello-world-3\/\" title=\"Hello world!\" target=\"_self\" rel=\"bookmark\">Hello world!<\/a><\/h3><div class=\"lsow-entry-meta\"><span class=\"author vcard\">By <a class=\"url fn n\" href=\"https:\/\/rodo.szczecin.pl\/index.php\/author\/rodo\/\" title=\"rodo\">rodo<\/a><\/span><span class=\"published\"><abbr title=\"poniedzia\u0142ek, maj, 2017, 7:15 am\">8 maja 2017<\/abbr><\/span><span class=\"lsow-terms\"><a href=\"https:\/\/rodo.szczecin.pl\/index.php\/category\/bez-kategorii\/\">Bez kategorii<\/a>, <a href=\"https:\/\/rodo.szczecin.pl\/index.php\/category\/uncategorized\/\">Uncategorized<\/a><\/span><\/div><div class=\"entry-summary\">Welcome to Massive Dynamic Website Builder Themes. This is your first post. Edit or delete it, then start blogging!<\/div><div class=\"lsow-read-more\"><a href=\"https:\/\/rodo.szczecin.pl\/index.php\/2017\/05\/08\/hello-world-3\/\" target=\"_self\">Read More<\/a><\/div><\/div><\/article><!-- .hentry --><\/div><div data-id=\"id-288\" class=\"lsow-grid-item lsow-portfolio-item  term-1 term-3\"><article id=\"post-288\" class=\"post-288 post type-post status-publish format-standard category-bez-kategorii category-uncategorized czr-hentry\"><div class=\"lsow-entry-text-wrap  nothumbnail\"><h3 class=\"entry-title\"><a href=\"https:\/\/rodo.szczecin.pl\/index.php\/2017\/05\/08\/hello-world\/\" title=\"Hello world!\" target=\"_self\" rel=\"bookmark\">Hello world!<\/a><\/h3><div class=\"lsow-entry-meta\"><span class=\"author vcard\">By <a class=\"url fn n\" href=\"https:\/\/rodo.szczecin.pl\/index.php\/author\/rodo\/\" title=\"rodo\">rodo<\/a><\/span><span class=\"published\"><abbr title=\"poniedzia\u0142ek, maj, 2017, 7:09 am\">8 maja 2017<\/abbr><\/span><span class=\"lsow-terms\"><a href=\"https:\/\/rodo.szczecin.pl\/index.php\/category\/bez-kategorii\/\">Bez kategorii<\/a>, <a href=\"https:\/\/rodo.szczecin.pl\/index.php\/category\/uncategorized\/\">Uncategorized<\/a><\/span><\/div><div class=\"entry-summary\">Welcome to Massive Dynamic Website Builder Themes. This is your first post. Edit or delete it, then start blogging!<\/div><div class=\"lsow-read-more\"><a href=\"https:\/\/rodo.szczecin.pl\/index.php\/2017\/05\/08\/hello-world\/\" target=\"_self\">Read More<\/a><\/div><\/div><\/article><!-- .hentry --><\/div><div data-id=\"id-289\" class=\"lsow-grid-item lsow-portfolio-item  term-1 term-3\"><article id=\"post-289\" class=\"post-289 post type-post status-publish format-standard category-bez-kategorii category-uncategorized czr-hentry\"><div class=\"lsow-entry-text-wrap  nothumbnail\"><h3 class=\"entry-title\"><a href=\"https:\/\/rodo.szczecin.pl\/index.php\/2016\/12\/12\/hello-world-2\/\" title=\"Hello world!\" target=\"_self\" rel=\"bookmark\">Hello world!<\/a><\/h3><div class=\"lsow-entry-meta\"><span class=\"author vcard\">By <a class=\"url fn n\" href=\"https:\/\/rodo.szczecin.pl\/index.php\/author\/rodo\/\" title=\"rodo\">rodo<\/a><\/span><span class=\"published\"><abbr title=\"poniedzia\u0142ek, grudzie\u0144, 2016, 6:07 am\">12 grudnia 2016<\/abbr><\/span><span class=\"lsow-terms\"><a href=\"https:\/\/rodo.szczecin.pl\/index.php\/category\/bez-kategorii\/\">Bez kategorii<\/a>, <a href=\"https:\/\/rodo.szczecin.pl\/index.php\/category\/uncategorized\/\">Uncategorized<\/a><\/span><\/div><div class=\"entry-summary\">Welcome to WordPress. This is your first post. Edit or delete it, then start writing!<\/div><div class=\"lsow-read-more\"><a href=\"https:\/\/rodo.szczecin.pl\/index.php\/2016\/12\/12\/hello-world-2\/\" target=\"_self\">Read More<\/a><\/div><\/div><\/article><!-- .hentry --><\/div><div data-id=\"id-409\" class=\"lsow-grid-item lsow-portfolio-item  term-1 term-3\"><article id=\"post-409\" class=\"post-409 post type-post status-publish format-standard category-bez-kategorii category-uncategorized czr-hentry\"><div class=\"lsow-entry-text-wrap  nothumbnail\"><h3 class=\"entry-title\"><a href=\"https:\/\/rodo.szczecin.pl\/index.php\/2016\/09\/14\/hello-world-2-2\/\" title=\"Hello world!\" target=\"_self\" rel=\"bookmark\">Hello world!<\/a><\/h3><div class=\"lsow-entry-meta\"><span class=\"author vcard\">By <a class=\"url fn n\" href=\"https:\/\/rodo.szczecin.pl\/index.php\/author\/rodo\/\" title=\"rodo\">rodo<\/a><\/span><span class=\"published\"><abbr title=\"\u015broda, wrzesie\u0144, 2016, 4:59 am\">14 wrze\u015bnia 2016<\/abbr><\/span><span class=\"lsow-terms\"><a href=\"https:\/\/rodo.szczecin.pl\/index.php\/category\/bez-kategorii\/\">Bez kategorii<\/a>, <a href=\"https:\/\/rodo.szczecin.pl\/index.php\/category\/uncategorized\/\">Uncategorized<\/a><\/span><\/div><div class=\"entry-summary\">Welcome to WordPress. This is your first post. Edit or delete it, then start writing!<\/div><div class=\"lsow-read-more\"><a href=\"https:\/\/rodo.szczecin.pl\/index.php\/2016\/09\/14\/hello-world-2-2\/\" target=\"_self\">Read More<\/a><\/div><\/div><\/article><!-- .hentry --><\/div><\/div><!-- .lsow-portfolio --><\/div><!-- .lsow-portfolio-wrap --><\/div><\/div><div id=\"panel-425-0-0-1\" class=\"so-panel widget widget_sow-editor\" data-index=\"1\" ><div class=\"so-widget-sow-editor so-widget-sow-editor-base\">\n<div class=\"siteorigin-widget-tinymce textwidget\">\n\t<pre>\r\n\t\t\t\t<form action=\"\" method=\"post\" class=\"searchandfilter\">\r\n\t\t\t\t\t<div>\r\n\t\t\t\t\t\t<ul><li><select class=\"postform\" name=\"ofpost_types\"><option class=\"level-0\" value=\"post,page,podcast,echelonso_layout,faq,testimonial\">All Post Types<\/option><option class=\"level-0\" value=\"post\">Wpisy<\/option><option class=\"level-0\" value=\"page\">Strony<\/option><option class=\"level-0\" value=\"podcast\">Podcasty<\/option><option class=\"level-0\" value=\"echelonso_layout\">Echelon Layouts<\/option><option class=\"level-0\" value=\"faq\">Faq<\/option><option class=\"level-0\" value=\"testimonial\">Testimonial<\/option><\/select><\/li><li><select  name='ofcategory' id='ofcategory' class='postform' >\n\t<option value='0' selected='selected'>Wszystkie kategorie<\/option>\n\t<option class=\"level-0\" value=\"1\">Bez kategorii<\/option>\n\t<option class=\"level-0\" value=\"3\">Uncategorized<\/option>\n<\/select>\n<input type=\"hidden\" name=\"ofcategory_operator\" value=\"and\" \/><\/li><li><input type=\"hidden\" name=\"ofsubmitted\" value=\"1\">\r\n\t\t\t\t\t\t\t<input type=\"submit\" value=\"Submit\">\r\n\t\t\t\t\t\t<\/li><\/ul><\/div>\r\n\t\t\t\t<\/form><\/pre>\n<\/div>\n<\/div><\/div><div id=\"panel-425-0-0-2\" class=\"so-panel widget widget_sow-editor\" data-index=\"2\" ><div class=\"so-widget-sow-editor so-widget-sow-editor-base\">\n<div class=\"siteorigin-widget-tinymce textwidget\">\n\t<pre><div id=\"caf-post-layout-container\" class=\"caf-post-layout-container  filter-layout1 post-layout1 data-target-div1\" data-post-type=\"post\" data-tax=\"category\" data-terms=\"1,3\" data-per-page=\"3\" data-selected-terms=\"1,3\" data-filter-id=\"500\" data-post-layout=\"post-layout1\" data-target-div=\"data-target-div1\"><div id=\"caf-filter-layout1\" class='caf-filter-layout data-target-div1 '>\r\n<ul class=\"caf-filter-container caf-filter-layout1\">\r\n<li class=\"caf-mb-4\"><a href=\"#\" data-id=\"1,3\" data-main-id=\"flt\" class=\"active\" data-target-div=\"data-target-div1\">All<\/a><\/li><li class='caf-mb-4'><a href='#' data-id='1' data-main-id='flt' data-target-div='data-target-div1' class=''>Bez kategorii<\/a><\/li><li class='caf-mb-4'><a href='#' data-id='3' data-main-id='flt' data-target-div='data-target-div1' class=''>Uncategorized<\/a><\/li><\/ul>\r\n  \r\n<\/div>\r\n<style>\r\n .data-target-div1 #caf-filter-layout1 li a,.data-target-div1 #caf-filter-layout1 li.more span {background-color: #262626;color: #fff;text-transform:capitalize;font-family:inherit;font-size:12px;}\r\n .data-target-div1 .manage-caf-search-icon i {background-color: #262626;color: #fff;text-transform:capitalize;font-size:12px;}\r\n.data-target-div1 #caf-filter-layout1 li a.active {background-color: #fcb040;color: #262626;}\r\n\r\n.data-target-div1 .search-layout2 input#caf-search-sub,.data-target-div1 .search-layout1 input#caf-search-sub {background-color: #262626;color: #fff;text-transform:capitalize;font-size:12px;}\r\n\r\n.data-target-div1 .search-layout2 input#caf-search-input {font-size:12px;text-transform:capitalize;}\r\n.data-target-div1 .search-layout1 input#caf-search-input {font-size:12px;text-transform:capitalize;}<\/style><div id='manage-ajax-response' class='caf-row'><div class=\"status\"><i class=\"fa fa-spinner\" aria-hidden=\"true\"><\/i><\/div><div class=\"content\"><\/div><\/div><\/div><\/pre>\n<\/div>\n<\/div><\/div><div id=\"panel-425-0-0-3\" class=\"so-panel widget widget_lsow-portfolio panel-last-child\" data-index=\"3\" ><div class=\"so-widget-lsow-portfolio so-widget-lsow-portfolio-default-1398c7c9e37b-409\"><div class=\"lsow-portfolio-wrap lsow-gapless-grid\"><div class=\"lsow-portfolio-header  lsow-no-heading\"><div class=\"lsow-taxonomy-filter\"><div class=\"lsow-filter-item segment-0 lsow-active\"><a data-value=\"*\" href=\"#\">All<\/a><\/div><div class=\"lsow-filter-item segment-1\"><a href=\"#\" data-value=\".term-1\" title=\"View all items filed under Bez kategorii\">Bez kategorii<\/a><\/div><div class=\"lsow-filter-item segment-2\"><a href=\"#\" data-value=\".term-3\" title=\"View all items filed under Uncategorized\">Uncategorized<\/a><\/div><\/div><\/div><div id=\"lsow-portfolio-69e36504541bb\" class=\"lsow-portfolio js-isotope lsow-fitRows lsow-grid-container  lsow-grid-desktop-3 lsow-grid-tablet-2 lsow-grid-mobile-1\" data-isotope-options='{ \"itemSelector\": \".lsow-portfolio-item\", \"layoutMode\": \"fitRows\"}'><div data-id=\"id-510\" class=\"lsow-grid-item lsow-portfolio-item \"><article id=\"post-510\" class=\"post-510 podcast type-podcast status-publish has-post-thumbnail czr-hentry\"><div class=\"lsow-project-image\"><a href=\"https:\/\/rodo.szczecin.pl\/index.php\/podcast\/test-podcast\/\" target=\"_self\"><img width=\"1024\" height=\"683\" src=\"https:\/\/rodo.szczecin.pl\/wp-content\/uploads\/2020\/10\/pexels-pixabay-209224-1024x683.jpg\" class=\"lsow-image skip-lazy no-lazyload exclude-me a3-notlazy wp-post-image\" alt=\"\" loading=\"eager\" data-no-lazy=\"1\" srcset=\"https:\/\/rodo.szczecin.pl\/wp-content\/uploads\/2020\/10\/pexels-pixabay-209224-1024x683.jpg 1024w, https:\/\/rodo.szczecin.pl\/wp-content\/uploads\/2020\/10\/pexels-pixabay-209224-300x200.jpg 300w, https:\/\/rodo.szczecin.pl\/wp-content\/uploads\/2020\/10\/pexels-pixabay-209224-768x512.jpg 768w, https:\/\/rodo.szczecin.pl\/wp-content\/uploads\/2020\/10\/pexels-pixabay-209224-1536x1024.jpg 1536w, https:\/\/rodo.szczecin.pl\/wp-content\/uploads\/2020\/10\/pexels-pixabay-209224-2048x1365.jpg 2048w, https:\/\/rodo.szczecin.pl\/wp-content\/uploads\/2020\/10\/pexels-pixabay-209224-825x550.jpg 825w, https:\/\/rodo.szczecin.pl\/wp-content\/uploads\/2020\/10\/pexels-pixabay-209224-825x550@2x.jpg 1650w\" sizes=\"(max-width: 1024px) 100vw, 1024px\" \/><\/a><div class=\"lsow-image-info\"><div class=\"lsow-entry-info\"><h3 class=\"lsow-post-title\"><a href=\"https:\/\/rodo.szczecin.pl\/index.php\/podcast\/test-podcast\/\" title=\"test podcast\" target=\"_self\" rel=\"bookmark\">test podcast<\/a><\/h3><\/div><\/div><!-- .lsow-image-info --><\/div><div class=\"lsow-entry-text-wrap \"><h3 class=\"entry-title\"><a href=\"https:\/\/rodo.szczecin.pl\/index.php\/podcast\/test-podcast\/\" title=\"test podcast\" target=\"_self\" rel=\"bookmark\">test podcast<\/a><\/h3><div class=\"lsow-entry-meta\"><span class=\"author vcard\">By <a class=\"url fn n\" href=\"https:\/\/rodo.szczecin.pl\/index.php\/author\/rodo\/\" title=\"rodo\">rodo<\/a><\/span><span class=\"published\"><abbr title=\"poniedzia\u0142ek, sierpie\u0144, 2021, 11:31 am\">2 sierpnia 2021<\/abbr><\/span><\/div><div class=\"entry-summary\">test<\/div><\/div><\/article><!-- .hentry --><\/div><div data-id=\"id-507\" class=\"lsow-grid-item lsow-portfolio-item  term-3\"><article id=\"post-507\" class=\"post-507 post type-post status-publish format-quote category-uncategorized post_format-post-format-quote czr-hentry\"><div class=\"lsow-entry-text-wrap  nothumbnail\"><h3 class=\"entry-title\"><a href=\"https:\/\/rodo.szczecin.pl\/index.php\/2021\/08\/02\/test\/\" title=\"test\" target=\"_self\" rel=\"bookmark\">test<\/a><\/h3><div class=\"lsow-entry-meta\"><span class=\"author vcard\">By <a class=\"url fn n\" href=\"https:\/\/rodo.szczecin.pl\/index.php\/author\/rodo\/\" title=\"rodo\">rodo<\/a><\/span><span class=\"published\"><abbr title=\"poniedzia\u0142ek, sierpie\u0144, 2021, 11:14 am\">2 sierpnia 2021<\/abbr><\/span><span class=\"lsow-terms\"><a href=\"https:\/\/rodo.szczecin.pl\/index.php\/category\/uncategorized\/\">Uncategorized<\/a><\/span><\/div><div class=\"entry-summary\"><\/div><\/div><\/article><!-- .hentry --><\/div><div data-id=\"id-1\" class=\"lsow-grid-item lsow-portfolio-item  term-1\"><article id=\"post-1\" class=\"post-1 post type-post status-publish format-standard category-bez-kategorii czr-hentry\"><div class=\"lsow-entry-text-wrap  nothumbnail\"><h3 class=\"entry-title\"><a href=\"https:\/\/rodo.szczecin.pl\/index.php\/2020\/10\/25\/witaj-swiecie\/\" title=\"Witaj, \u015bwiecie!\" target=\"_self\" rel=\"bookmark\">Witaj, \u015bwiecie!<\/a><\/h3><div class=\"lsow-entry-meta\"><span class=\"author vcard\">By <a class=\"url fn n\" href=\"https:\/\/rodo.szczecin.pl\/index.php\/author\/rodo\/\" title=\"rodo\">rodo<\/a><\/span><span class=\"published\"><abbr title=\"niedziela, pa\u017adziernik, 2020, 3:39 pm\">25 pa\u017adziernika 2020<\/abbr><\/span><span class=\"lsow-terms\"><a href=\"https:\/\/rodo.szczecin.pl\/index.php\/category\/bez-kategorii\/\">Bez kategorii<\/a><\/span><\/div><div class=\"entry-summary\">Witamy w WordPressie. To jest tw\u00f3j pierwszy post. Edytuj go lub usu\u0144, a nast\u0119pnie zacznij pisa\u0107!<\/div><\/div><\/article><!-- .hentry --><\/div><div data-id=\"id-438\" class=\"lsow-grid-item lsow-portfolio-item  term-1 term-3\"><article id=\"post-438\" class=\"post-438 post type-post status-publish format-standard category-bez-kategorii category-uncategorized czr-hentry\"><div class=\"lsow-entry-text-wrap  nothumbnail\"><h3 class=\"entry-title\"><a href=\"https:\/\/rodo.szczecin.pl\/index.php\/2017\/05\/08\/hello-world-3\/\" title=\"Hello world!\" target=\"_self\" rel=\"bookmark\">Hello world!<\/a><\/h3><div class=\"lsow-entry-meta\"><span class=\"author vcard\">By <a class=\"url fn n\" href=\"https:\/\/rodo.szczecin.pl\/index.php\/author\/rodo\/\" title=\"rodo\">rodo<\/a><\/span><span class=\"published\"><abbr title=\"poniedzia\u0142ek, maj, 2017, 7:15 am\">8 maja 2017<\/abbr><\/span><span class=\"lsow-terms\"><a href=\"https:\/\/rodo.szczecin.pl\/index.php\/category\/bez-kategorii\/\">Bez kategorii<\/a>, <a href=\"https:\/\/rodo.szczecin.pl\/index.php\/category\/uncategorized\/\">Uncategorized<\/a><\/span><\/div><div class=\"entry-summary\">Welcome to Massive Dynamic Website Builder Themes. This is your first post. Edit or delete it, then start blogging!<\/div><\/div><\/article><!-- .hentry --><\/div><div data-id=\"id-288\" class=\"lsow-grid-item lsow-portfolio-item  term-1 term-3\"><article id=\"post-288\" class=\"post-288 post type-post status-publish format-standard category-bez-kategorii category-uncategorized czr-hentry\"><div class=\"lsow-entry-text-wrap  nothumbnail\"><h3 class=\"entry-title\"><a href=\"https:\/\/rodo.szczecin.pl\/index.php\/2017\/05\/08\/hello-world\/\" title=\"Hello world!\" target=\"_self\" rel=\"bookmark\">Hello world!<\/a><\/h3><div class=\"lsow-entry-meta\"><span class=\"author vcard\">By <a class=\"url fn n\" href=\"https:\/\/rodo.szczecin.pl\/index.php\/author\/rodo\/\" title=\"rodo\">rodo<\/a><\/span><span class=\"published\"><abbr title=\"poniedzia\u0142ek, maj, 2017, 7:09 am\">8 maja 2017<\/abbr><\/span><span class=\"lsow-terms\"><a href=\"https:\/\/rodo.szczecin.pl\/index.php\/category\/bez-kategorii\/\">Bez kategorii<\/a>, <a href=\"https:\/\/rodo.szczecin.pl\/index.php\/category\/uncategorized\/\">Uncategorized<\/a><\/span><\/div><div class=\"entry-summary\">Welcome to Massive Dynamic Website Builder Themes. This is your first post. Edit or delete it, then start blogging!<\/div><\/div><\/article><!-- .hentry --><\/div><div data-id=\"id-289\" class=\"lsow-grid-item lsow-portfolio-item  term-1 term-3\"><article id=\"post-289\" class=\"post-289 post type-post status-publish format-standard category-bez-kategorii category-uncategorized czr-hentry\"><div class=\"lsow-entry-text-wrap  nothumbnail\"><h3 class=\"entry-title\"><a href=\"https:\/\/rodo.szczecin.pl\/index.php\/2016\/12\/12\/hello-world-2\/\" title=\"Hello world!\" target=\"_self\" rel=\"bookmark\">Hello world!<\/a><\/h3><div class=\"lsow-entry-meta\"><span class=\"author vcard\">By <a class=\"url fn n\" href=\"https:\/\/rodo.szczecin.pl\/index.php\/author\/rodo\/\" title=\"rodo\">rodo<\/a><\/span><span class=\"published\"><abbr title=\"poniedzia\u0142ek, grudzie\u0144, 2016, 6:07 am\">12 grudnia 2016<\/abbr><\/span><span class=\"lsow-terms\"><a href=\"https:\/\/rodo.szczecin.pl\/index.php\/category\/bez-kategorii\/\">Bez kategorii<\/a>, <a href=\"https:\/\/rodo.szczecin.pl\/index.php\/category\/uncategorized\/\">Uncategorized<\/a><\/span><\/div><div class=\"entry-summary\">Welcome to WordPress. This is your first post. Edit or delete it, then start writing!<\/div><\/div><\/article><!-- .hentry --><\/div><\/div><!-- .lsow-portfolio --><\/div><!-- .lsow-portfolio-wrap --><\/div><\/div><\/div><\/div><\/div>","protected":false},"excerpt":{"rendered":"","protected":false},"author":1,"featured_media":0,"parent":0,"menu_order":0,"comment_status":"closed","ping_status":"closed","template":"","meta":[],"_links":{"self":[{"href":"https:\/\/rodo.szczecin.pl\/index.php\/wp-json\/wp\/v2\/pages\/425"}],"collection":[{"href":"https:\/\/rodo.szczecin.pl\/index.php\/wp-json\/wp\/v2\/pages"}],"about":[{"href":"https:\/\/rodo.szczecin.pl\/index.php\/wp-json\/wp\/v2\/types\/page"}],"author":[{"embeddable":true,"href":"https:\/\/rodo.szczecin.pl\/index.php\/wp-json\/wp\/v2\/users\/1"}],"replies":[{"embeddable":true,"href":"https:\/\/rodo.szczecin.pl\/index.php\/wp-json\/wp\/v2\/comments?post=425"}],"version-history":[{"count":41,"href":"https:\/\/rodo.szczecin.pl\/index.php\/wp-json\/wp\/v2\/pages\/425\/revisions"}],"predecessor-version":[{"id":519,"href":"https:\/\/rodo.szczecin.pl\/index.php\/wp-json\/wp\/v2\/pages\/425\/revisions\/519"}],"wp:attachment":[{"href":"https:\/\/rodo.szczecin.pl\/index.php\/wp-json\/wp\/v2\/media?parent=425"}],"curies":[{"name":"wp","href":"https:\/\/api.w.org\/{rel}","templated":true}]}}